{"id":20241,"date":"2015-02-17T12:55:12","date_gmt":"2015-02-17T11:55:12","guid":{"rendered":"https:\/\/dubrovnikproperties.com.hr\/blog-list-sidebar-right-2\/"},"modified":"2025-11-21T16:24:22","modified_gmt":"2025-11-21T15:24:22","slug":"blog-list-sidebar-right-2","status":"publish","type":"page","link":"https:\/\/dubrovnikproperties.com.hr\/hr\/blog-list-sidebar-right-2\/","title":{"rendered":"Novosti"},"content":{"rendered":"\n<p>Cijene stanova u Dubrovniku su u 2025. visoke i rastu\u0107e te se smatraju generalno realnima s obzirom na vrlo ograni\u010denu ponudu i veliku potra\u017enju. Specifi\u010dne cijene jako ovise o lokaciji u gradu, kvaliteti nekretnine i njenim karakteristikama.<br>Na presti\u017enim lokacijama poput Starog Grada i Solituda cijene mogu dosezati i do 10.000\u201315.000 \u20ac po kvadratnom metru za luksuzne i prostrane stanove. Ve\u0107ina stanova ipak je unutar raspona od 4.000 do 7.000 \u20ac po m\u00b2 za dobre lokacije i kvalitetu.<br>Prosje\u010dna tra\u017eena cijena kvadrata u Dubrovniku je oko 5.600 \u20ac u 2024.\/2025., \u0161to je jedan od najvi\u0161ih iznosa u Hrvatskoj, uz zna\u010dajan porast u odnosu na prethodne godine.<br>Neki stru\u010dnjaci smatraju da su neke cijene precijenjene zbog specifi\u010dnih uvjeta (pravi status vlasni\u0161tva, zajedni\u010dko vlasni\u0161tvo, stanje nekretnine) dok luksuzni i veliki stanovi na atraktivnim adresama opravdavaju visoke cijene.<br>Ograni\u010dena ponuda i turisti\u010dka atraktivnost Dubrovnika dodatno di\u017eu cijene, ali realni kupci uglavnom tra\u017ee dobru ravnote\u017eu izme\u0111u lokacije i cijene.<br>Zaklju\u010dno, trenutne visoke cijene na tr\u017ei\u0161tu Dubrovnika reflektiraju stvarnu potra\u017enju i nemogu\u0107nost brze nadopune novim nekretninama, pa se mogu smatrati realnima, naro\u010dito za kvalitetne i luksuzne stanove. Za jeftinije stanove ili one u manje atraktivnim dijelovima te\u0161ko je o\u010dekivati velike cijene, no op\u0107enito cijene u Dubrovniku su izrazito visoke u hrvatskim okvirima.<\/p>\n","protected":false},"excerpt":{"rendered":"<p>Cijene stanova u Dubrovniku su u 2025. visoke i rastu\u0107e te se smatraju generalno realnima s obzirom na vrlo ograni\u010denu ponudu i veliku potra\u017enju. Specifi\u010dne cijene jako ovise o lokaciji u gradu, kvaliteti nekretnine i njenim karakteristikama.Na presti\u017enim lokacijama poput Starog Grada i Solituda cijene mogu dosezati i do 10.000\u201315.000 \u20ac po kvadratnom metru za luksuzne i prostrane stanove. Ve\u0107ina stanova ipak je unutar &#8230;<\/p>\n","protected":false},"author":1,"featured_media":19987,"parent":0,"menu_order":0,"comment_status":"open","ping_status":"open","template":"page-templates\/blog_list.php","meta":{"_seopress_robots_primary_cat":"","_seopress_titles_title":"Cijene stanova u Dubrovniku 2025 \u2013 Realne i rastu\u0107e s ograni\u010denom ponudom","_seopress_titles_desc":"Saznajte najnovije procjene cijena stanova u Dubrovniku za 2025. godinu. Pregledajte trendove, lokacije i faktore koji utje\u010du na tr\u017ei\u0161te nekretnina u ovom atraktivnom gradu.","_seopress_robots_index":"","rs_blank_template":"","rs_page_bg_color":"","slide_template_v7":"","footnotes":""},"class_list":["post-20241","page","type-page","status-publish","has-post-thumbnail","hentry"],"_links":{"self":[{"href":"https:\/\/dubrovnikproperties.com.hr\/hr\/wp-json\/wp\/v2\/pages\/20241","targetHints":{"allow":["GET"]}}],"collection":[{"href":"https:\/\/dubrovnikproperties.com.hr\/hr\/wp-json\/wp\/v2\/pages"}],"about":[{"href":"https:\/\/dubrovnikproperties.com.hr\/hr\/wp-json\/wp\/v2\/types\/page"}],"author":[{"embeddable":true,"href":"https:\/\/dubrovnikproperties.com.hr\/hr\/wp-json\/wp\/v2\/users\/1"}],"replies":[{"embeddable":true,"href":"https:\/\/dubrovnikproperties.com.hr\/hr\/wp-json\/wp\/v2\/comments?post=20241"}],"version-history":[{"count":0,"href":"https:\/\/dubrovnikproperties.com.hr\/hr\/wp-json\/wp\/v2\/pages\/20241\/revisions"}],"wp:featuredmedia":[{"embeddable":true,"href":"https:\/\/dubrovnikproperties.com.hr\/hr\/wp-json\/wp\/v2\/media\/19987"}],"wp:attachment":[{"href":"https:\/\/dubrovnikproperties.com.hr\/hr\/wp-json\/wp\/v2\/media?parent=20241"}],"curies":[{"name":"wp","href":"https:\/\/api.w.org\/{rel}","templated":true}]}}