{"id":20101,"date":"2015-02-19T09:48:19","date_gmt":"2015-02-19T08:48:19","guid":{"rendered":"https:\/\/dubrovnikproperties.com.hr\/kontaktirajte-nas\/"},"modified":"2026-01-08T14:55:25","modified_gmt":"2026-01-08T13:55:25","slug":"kontaktirajte-nas","status":"publish","type":"page","link":"https:\/\/dubrovnikproperties.com.hr\/hr\/kontaktirajte-nas\/","title":{"rendered":"Kontaktirajte nas"},"content":{"rendered":"<p>Ako tra\u017eite nekretninu u Dubrovniku za kupnju ili najam Dobrovnikproperties.com.hr Vama olak\u0161ava pretragu i odluku. Iskoristite na\u0161u jedinstvenu zna\u010dajku geolokacijskog mapiranja kako biste prona\u0161li svoju idealnu vilu, ku\u0107u u nizu ili stan i izravno kontaktirali vlasnike. Pomo\u0107i \u0107emo vam prona\u0107i ku\u0107u iz snova u samo nekoliko sekundi.<\/p>\n<p>Nudimo na\u0161im klijentima bogatstvo znanja o svim aspektima kupnje ili prodaje doma. Ako \u017eelite oglasiti Va\u0161u nekretninu na na\u0161em portalu i ukoliko imate problema sa upisom nekretnine u na\u0161u bazu podataka, tu smo da Vama pomognemo Slobodno nas kontaktirajte s bilo kakvim pitanjima!<\/p>\n\n\n<p><\/p>\n","protected":false},"excerpt":{"rendered":"<p>Ako tra\u017eite nekretninu u Dubrovniku za kupnju ili najam Dobrovnikproperties.com.hr Vama olak\u0161ava pretragu i odluku. Iskoristite na\u0161u jedinstvenu zna\u010dajku geolokacijskog mapiranja kako biste prona\u0161li svoju idealnu vilu, ku\u0107u u nizu ili stan i izravno kontaktirali vlasnike. Pomo\u0107i \u0107emo vam prona\u0107i ku\u0107u iz snova u samo nekoliko sekundi. Nudimo na\u0161im klijentima bogatstvo znanja o svim aspektima kupnje ili prodaje doma. Ako \u017eelite oglasiti Va\u0161u nekretninu &#8230;<\/p>\n","protected":false},"author":1,"featured_media":20983,"parent":0,"menu_order":0,"comment_status":"open","ping_status":"open","template":"page-templates\/contact_page.php","meta":{"_seopress_robots_primary_cat":"","_seopress_titles_title":"","_seopress_titles_desc":"","_seopress_robots_index":"","rs_blank_template":"","rs_page_bg_color":"","slide_template_v7":"","footnotes":""},"class_list":["post-20101","page","type-page","status-publish","has-post-thumbnail","hentry"],"_links":{"self":[{"href":"https:\/\/dubrovnikproperties.com.hr\/hr\/wp-json\/wp\/v2\/pages\/20101","targetHints":{"allow":["GET"]}}],"collection":[{"href":"https:\/\/dubrovnikproperties.com.hr\/hr\/wp-json\/wp\/v2\/pages"}],"about":[{"href":"https:\/\/dubrovnikproperties.com.hr\/hr\/wp-json\/wp\/v2\/types\/page"}],"author":[{"embeddable":true,"href":"https:\/\/dubrovnikproperties.com.hr\/hr\/wp-json\/wp\/v2\/users\/1"}],"replies":[{"embeddable":true,"href":"https:\/\/dubrovnikproperties.com.hr\/hr\/wp-json\/wp\/v2\/comments?post=20101"}],"version-history":[{"count":1,"href":"https:\/\/dubrovnikproperties.com.hr\/hr\/wp-json\/wp\/v2\/pages\/20101\/revisions"}],"predecessor-version":[{"id":21088,"href":"https:\/\/dubrovnikproperties.com.hr\/hr\/wp-json\/wp\/v2\/pages\/20101\/revisions\/21088"}],"wp:featuredmedia":[{"embeddable":true,"href":"https:\/\/dubrovnikproperties.com.hr\/hr\/wp-json\/wp\/v2\/media\/20983"}],"wp:attachment":[{"href":"https:\/\/dubrovnikproperties.com.hr\/hr\/wp-json\/wp\/v2\/media?parent=20101"}],"curies":[{"name":"wp","href":"https:\/\/api.w.org\/{rel}","templated":true}]}}